{"id":5,"date":"2020-08-12T15:03:00","date_gmt":"2020-08-12T15:03:00","guid":{"rendered":"https:\/\/visaangola.com\/?page_id=5"},"modified":"2020-08-12T15:13:42","modified_gmt":"2020-08-12T15:13:42","slug":"overview","status":"publish","type":"page","link":"https:\/\/visaangola.com\/vi\/overview\/","title":{"rendered":"T\u1ed4NG QUAN"},"content":{"rendered":"<p>C\u01a1 quan Di tr\u00fa v\u00e0 Ng\u01b0\u1eddi n\u01b0\u1edbc ngo\u00e0i, vi\u1ebft t\u1eaft l\u00e0 SME, l\u00e0 c\u01a1 quan \u0111i\u1ec1u h\u00e0nh trung \u01b0\u01a1ng c\u1ee7a B\u1ed9 N\u1ed9i v\u1ee5, c\u00f3 quy\u1ec1n t\u1ef1 ch\u1ee7 h\u00e0nh ch\u00ednh v\u00e0 qu\u1ea3n l\u00fd ng\u00e2n s\u00e1ch, ch\u1ecbu tr\u00e1ch nhi\u1ec7m th\u1ef1c thi c\u00e1c ch\u00ednh s\u00e1ch c\u0169ng nh\u01b0 c\u00e1c bi\u1ec7n ph\u00e1p l\u1eadp ph\u00e1p v\u00e0 qu\u1ea3n l\u00fd li\u00ean quan \u0111\u1ebfn vi\u1ec7c nh\u1eadp c\u1ea3nh, qu\u00e1 c\u1ea3nh, xu\u1ea5t c\u1ea3nh v\u00e0 ki\u1ec3m so\u00e1t s\u1ef1 th\u01b0\u1eddng tr\u00fa v\u00e0 ho\u1ea1t \u0111\u1ed9ng c\u1ee7a c\u00f4ng d\u00e2n n\u01b0\u1edbc ngo\u00e0i tr\u00ean l\u00e3nh th\u1ed5 qu\u1ed1c gia c\u0169ng nh\u01b0 nghi\u00ean c\u1ee9u, th\u00fac \u0111\u1ea9y, ph\u1ed1i h\u1ee3p v\u00e0 th\u1ef1c hi\u1ec7n c\u00e1c bi\u1ec7n ph\u00e1p, h\u00e0nh \u0111\u1ed9ng li\u00ean quan \u0111\u1ebfn c\u00e1c ho\u1ea1t \u0111\u1ed9ng \u0111\u00f3.<\/p>\n\n\n\n<p>V\u1edbi t\u01b0 c\u00e1ch l\u00e0 c\u01a1 quan c\u1ea3nh s\u00e1t h\u00ecnh s\u1ef1, EMS can thi\u1ec7p v\u00e0o qu\u00e1 tr\u00ecnh t\u1ed1 t\u1ee5ng theo quy \u0111\u1ecbnh c\u1ee7a Lu\u1eadt T\u1ed1 t\u1ee5ng H\u00ecnh s\u1ef1, d\u01b0\u1edbi s\u1ef1 ch\u1ec9 \u0111\u1ea1o c\u1ee7a c\u01a1 quan t\u01b0 ph\u00e1p c\u00f3 th\u1ea9m quy\u1ec1n.<\/p>\n\n\n\n<h3 class=\"wp-block-heading\">Nhi\u1ec7m v\u1ee5<\/h3>\n\n\n\n<p>C\u01a1 quan Di c\u01b0 v\u00e0 Ng\u01b0\u1eddi n\u01b0\u1edbc ngo\u00e0i (EMS) \u0111\u1ea3m b\u1ea3o t\u00ednh b\u1ea5t kh\u1ea3 x\u00e2m ph\u1ea1m v\u00e0 an ninh c\u1ee7a bi\u00ean gi\u1edbi \u0111\u1ea5t li\u1ec1n, bi\u1ec3n, s\u00f4ng v\u00e0 h\u00e0ng kh\u00f4ng c\u1ee7a Angola b\u1eb1ng c\u00e1ch \u00e1p d\u1ee5ng c\u00e1c th\u1ee7 t\u1ee5c h\u00e0nh ch\u00ednh v\u00e0 v\u1eadt l\u00fd \u0111\u01b0\u1ee3c quy \u0111\u1ecbnh v\u1ec1 m\u1eb7t ph\u00e1p l\u00fd. SME ch\u1ed1ng l\u1ea1i t\u00ecnh tr\u1ea1ng di c\u01b0 b\u1ea5t h\u1ee3p ph\u00e1p v\u00e0 \u0111i\u1ec1u ch\u1ec9nh d\u00f2ng l\u01b0u th\u00f4ng h\u1ee3p ph\u00e1p c\u1ee7a ng\u01b0\u1eddi d\u00e2n, trong s\u1ef1 c\u00f4 l\u1eadp v\u00e0 ph\u1ed1i h\u1ee3p v\u1edbi c\u00e1c c\u01a1 quan ch\u1ee9c n\u0103ng qu\u1ed1c gia v\u00e0 qu\u1ed1c t\u1ebf.<\/p>\n\n\n\n<h3 class=\"wp-block-heading\">Gi\u00e1 tr\u1ecb<\/h3>\n\n\n\n<p>Ho\u1ea1t \u0111\u1ed9ng h\u00e0ng ng\u00e0y c\u1ee7a S\u1edf Di tr\u00fa v\u00e0 Ng\u01b0\u1eddi n\u01b0\u1edbc ngo\u00e0i&nbsp;<strong>(EMS)<\/strong>&nbsp;d\u1ef1a tr\u00ean c\u00e1c gi\u00e1 tr\u1ecb ph\u1ed5 qu\u00e1t:<\/p>\n\n\n\n<p>\u2022 T\u00ednh ch\u00ednh tr\u1ef1c: mi\u1ec5n nhi\u1ec5m kh\u1ecfi s\u1ef1 ch\u1ea3i chu\u1ed1t, tham nh\u0169ng ho\u1eb7c c\u00e1c hi\u1ec7n t\u01b0\u1ee3ng c\u00f3 h\u1ea1i kh\u00e1c \u0111\u1ed1i v\u1edbi vi\u1ec7c th\u1ef1c hi\u1ec7n s\u1ee9 m\u1ec7nh c\u1ee7a&nbsp;<strong>SME<\/strong>&nbsp;l\u00e0 y\u00eau c\u1ea7u t\u1ea5t y\u1ebfu \u0111\u1ec3 ch\u1ecbu tr\u00e1ch nhi\u1ec7m qu\u1ea3n l\u00fd, ki\u1ec3m so\u00e1t c\u00e1c d\u00f2ng ng\u01b0\u1eddi di c\u01b0 \u0111\u1ebfn v\u00e0 \u0111i t\u1eeb Angola, b\u1ea3o \u0111\u1ea3m an ninh bi\u00ean gi\u1edbi qu\u1ed1c gia.<\/p>\n\n\n\n<p>\u2022 T\u00ednh h\u1ee3p ph\u00e1p: vi\u1ec7c tu\u00e2n th\u1ee7 v\u00e0 th\u1ef1c thi nghi\u00eam ng\u1eb7t lu\u1eadt di c\u01b0 \u0111\u1ea3m b\u1ea3o gi\u1ea3i th\u00edch ch\u00ednh x\u00e1c c\u00e1c quy \u0111\u1ecbnh c\u00f3 hi\u1ec7u l\u1ef1c \u1edf Angola v\u00e0 cu\u1ed9c chi\u1ebfn ch\u1ed1ng t\u1ed9i ph\u1ea1m di c\u01b0.<\/p>","protected":false},"excerpt":{"rendered":"<p>The Migration and Foreigners Service, abbreviated as SME, is the central executive body of the Ministry of the Interior, with administrative autonomy and budgetary management, which is responsible for executing policies and legislative and regulatory measures related to entry, transit, exit and control of the permanence and activities of foreign citizens in national territory, as well as study, promote, coordinate and execute the measures and actions related to those activities. As a criminal police body, the EMS intervenes in the proceedings, under the terms of the Criminal Procedure Law, under the direction of the competent judicial authority. Mission The Migration <\/p>","protected":false},"author":1,"featured_media":0,"parent":0,"menu_order":0,"comment_status":"closed","ping_status":"closed","template":"","meta":[],"_links":{"self":[{"href":"https:\/\/visaangola.com\/vi\/wp-json\/wp\/v2\/pages\/5"}],"collection":[{"href":"https:\/\/visaangola.com\/vi\/wp-json\/wp\/v2\/pages"}],"about":[{"href":"https:\/\/visaangola.com\/vi\/wp-json\/wp\/v2\/types\/page"}],"author":[{"embeddable":true,"href":"https:\/\/visaangola.com\/vi\/wp-json\/wp\/v2\/users\/1"}],"replies":[{"embeddable":true,"href":"https:\/\/visaangola.com\/vi\/wp-json\/wp\/v2\/comments?post=5"}],"version-history":[{"count":1,"href":"https:\/\/visaangola.com\/vi\/wp-json\/wp\/v2\/pages\/5\/revisions"}],"predecessor-version":[{"id":6,"href":"https:\/\/visaangola.com\/vi\/wp-json\/wp\/v2\/pages\/5\/revisions\/6"}],"wp:attachment":[{"href":"https:\/\/visaangola.com\/vi\/wp-json\/wp\/v2\/media?parent=5"}],"curies":[{"name":"wp","href":"https:\/\/api.w.org\/{rel}","templated":true}]}}